{"id":2832,"date":"2020-01-27T10:44:00","date_gmt":"2020-01-27T09:44:43","guid":{"rendered":"https:\/\/www.domi.be\/a-propos\/qualite-et-authenticite\/"},"modified":"2026-03-30T11:33:59","modified_gmt":"2026-03-30T09:33:59","slug":"kwaliteit-en-authenticiteit","status":"publish","type":"page","link":"https:\/\/www.domi.be\/nl\/over\/kwaliteit-en-authenticiteit\/","title":{"rendered":"Kwaliteit en authenticiteit"},"content":{"rendered":"\t\t<div data-elementor-type=\"wp-page\" data-elementor-id=\"2832\" class=\"elementor elementor-2832 elementor-69\" data-elementor-post-type=\"page\">\n\t\t\t\t\t\t<section class=\"elementor-section elementor-top-section elementor-element elementor-element-44e678f elementor-section-full_width elementor-section-content-middle elementor-section-stretched elementor-section-height-default elementor-section-height-default\" data-id=\"44e678f\" data-element_type=\"section\" data-e-type=\"section\" data-settings=\"{&quot;stretch_section&quot;:&quot;section-stretched&quot;}\">\n\t\t\t\t\t\t<div class=\"elementor-container elementor-column-gap-no\">\n\t\t\t\t\t<div class=\"elementor-column elementor-col-100 elementor-top-column elementor-element elementor-element-63844d15\" data-id=\"63844d15\" data-element_type=\"column\" data-e-type=\"column\" data-settings=\"{&quot;background_background&quot;:&quot;classic&quot;}\">\n\t\t\t<div class=\"elementor-widget-wrap elementor-element-populated\">\n\t\t\t\t\t<div class=\"elementor-background-overlay\"><\/div>\n\t\t\t\t\t\t<div class=\"elementor-element elementor-element-4880a9d7 elementor-invisible elementor-widget elementor-widget-heading\" data-id=\"4880a9d7\" data-element_type=\"widget\" data-e-type=\"widget\" data-settings=\"{&quot;_animation&quot;:&quot;fadeInUp&quot;}\" data-widget_type=\"heading.default\">\n\t\t\t\t<div class=\"elementor-widget-container\">\n\t\t\t\t\t<h1 class=\"elementor-heading-title elementor-size-default\">Kwaliteit en authenticiteit<\/h1>\t\t\t\t<\/div>\n\t\t\t\t<\/div>\n\t\t\t\t<div class=\"elementor-element elementor-element-7168af0 elementor-align-center elementor-invisible elementor-widget elementor-widget-breadcrumbs\" data-id=\"7168af0\" data-element_type=\"widget\" data-e-type=\"widget\" data-settings=\"{&quot;_animation&quot;:&quot;fadeInUp&quot;,&quot;_animation_delay&quot;:200}\" data-widget_type=\"breadcrumbs.default\">\n\t\t\t\t<div class=\"elementor-widget-container\">\n\t\t\t\t\t<p id=\"breadcrumbs\"><span><span><a href=\"https:\/\/www.domi.be\/nl\/\">Accueil<\/a><\/span><\/span><\/p>\t\t\t\t<\/div>\n\t\t\t\t<\/div>\n\t\t\t\t\t<\/div>\n\t\t<\/div>\n\t\t\t\t\t<\/div>\n\t\t<\/section>\n\t\t\t\t<section class=\"elementor-section elementor-top-section elementor-element elementor-element-540c0836 elementor-section-content-middle elementor-section-boxed elementor-section-height-default elementor-section-height-default\" data-id=\"540c0836\" data-element_type=\"section\" data-e-type=\"section\">\n\t\t\t\t\t\t<div class=\"elementor-container elementor-column-gap-no\">\n\t\t\t\t\t<div class=\"elementor-column elementor-col-50 elementor-top-column elementor-element elementor-element-17a872d\" data-id=\"17a872d\" data-element_type=\"column\" data-e-type=\"column\">\n\t\t\t<div class=\"elementor-widget-wrap elementor-element-populated\">\n\t\t\t\t\t\t<div class=\"elementor-element elementor-element-22a88a3d elementor-widget elementor-widget-image\" data-id=\"22a88a3d\" data-element_type=\"widget\" data-e-type=\"widget\" data-widget_type=\"image.default\">\n\t\t\t\t<div class=\"elementor-widget-container\">\n\t\t\t\t\t\t\t\t\t\t\t\t\t\t\t\t<a href=\"https:\/\/www.domi.be\/wp-content\/uploads\/2020\/02\/Tour-Trappeur-Maxi-1-scaled.jpg\" data-elementor-open-lightbox=\"yes\" data-elementor-lightbox-title=\"Tour Trappeur Maxi (1)\" data-e-action-hash=\"#elementor-action%3Aaction%3Dlightbox%26settings%3DeyJpZCI6MjY3MywidXJsIjoiaHR0cHM6XC9cL3d3dy5kb21pLmJlXC93cC1jb250ZW50XC91cGxvYWRzXC8yMDIwXC8wMlwvVG91ci1UcmFwcGV1ci1NYXhpLTEtc2NhbGVkLmpwZyJ9\">\n\t\t\t\t\t\t\t<img fetchpriority=\"high\" decoding=\"async\" width=\"1024\" height=\"768\" src=\"https:\/\/www.domi.be\/wp-content\/uploads\/2020\/02\/Tour-Trappeur-Maxi-1-1024x768.jpg\" class=\"attachment-large size-large wp-image-2673\" alt=\"\" srcset=\"https:\/\/www.domi.be\/wp-content\/uploads\/2020\/02\/Tour-Trappeur-Maxi-1-1024x768.jpg 1024w, https:\/\/www.domi.be\/wp-content\/uploads\/2020\/02\/Tour-Trappeur-Maxi-1-300x225.jpg 300w, https:\/\/www.domi.be\/wp-content\/uploads\/2020\/02\/Tour-Trappeur-Maxi-1-768x576.jpg 768w, https:\/\/www.domi.be\/wp-content\/uploads\/2020\/02\/Tour-Trappeur-Maxi-1-1536x1152.jpg 1536w, https:\/\/www.domi.be\/wp-content\/uploads\/2020\/02\/Tour-Trappeur-Maxi-1-2048x1536.jpg 2048w\" sizes=\"(max-width: 1024px) 100vw, 1024px\" \/>\t\t\t\t\t\t\t\t<\/a>\n\t\t\t\t\t\t\t\t\t\t\t\t\t\t\t<\/div>\n\t\t\t\t<\/div>\n\t\t\t\t\t<\/div>\n\t\t<\/div>\n\t\t\t\t<div class=\"elementor-column elementor-col-50 elementor-top-column elementor-element elementor-element-4108bf50 elementor-invisible\" data-id=\"4108bf50\" data-element_type=\"column\" data-e-type=\"column\" data-settings=\"{&quot;animation&quot;:&quot;fadeIn&quot;,&quot;animation_delay&quot;:100}\">\n\t\t\t<div class=\"elementor-widget-wrap elementor-element-populated\">\n\t\t\t\t\t\t<div class=\"elementor-element elementor-element-b95bdeb elementor-widget elementor-widget-text-editor\" data-id=\"b95bdeb\" data-element_type=\"widget\" data-e-type=\"widget\" data-widget_type=\"text-editor.default\">\n\t\t\t\t<div class=\"elementor-widget-container\">\n\t\t\t\t\t\t\t\t\t<p class=\"p1\"><span class=\"s1\">Depuis plus de 40 ans d\u00e9j\u00e0, Domi est le sp\u00e9cialiste des abris de jardin. Au cours de cette p\u00e9riode, Domi est v\u00e9ritablement devenu la r\u00e9f\u00e9rence en Belgique en mati\u00e8re de constructions en bois pour le jardin. <\/span><\/p>\n\t\t\t\t\t\t\t\t<\/div>\n\t\t\t\t<\/div>\n\t\t\t\t<div class=\"elementor-element elementor-element-c529cd3 elementor-widget elementor-widget-text-editor\" data-id=\"c529cd3\" data-element_type=\"widget\" data-e-type=\"widget\" data-widget_type=\"text-editor.default\">\n\t\t\t\t<div class=\"elementor-widget-container\">\n\t\t\t\t\t\t\t\t\t<p class=\"p1\"><span class=\"s1\">Afin de pouvoir se diff\u00e9rencier clairement de la concurrence et des circuits de grande distribution, Domi<span class=\"Apple-converted-space\">\u00a0<\/span>assortit tous ses produits de certificats d&#8217;authenticit\u00e9. Domi vous garantit la provenance du bois ainsi qu&#8217;une m\u00e9thode de production de qualit\u00e9, avec, cela va de soi, le service \u00e0 la client\u00e8le.<\/span><\/p>\n\t\t\t\t\t\t\t\t<\/div>\n\t\t\t\t<\/div>\n\t\t\t\t\t<\/div>\n\t\t<\/div>\n\t\t\t\t\t<\/div>\n\t\t<\/section>\n\t\t\t\t<section class=\"elementor-section elementor-top-section elementor-element elementor-element-5641d21c elementor-section-boxed elementor-section-height-default elementor-section-height-default\" data-id=\"5641d21c\" data-element_type=\"section\" data-e-type=\"section\">\n\t\t\t\t\t\t<div class=\"elementor-container elementor-column-gap-default\">\n\t\t\t\t\t<div class=\"elementor-column elementor-col-50 elementor-top-column elementor-element elementor-element-fb91cc5\" data-id=\"fb91cc5\" data-element_type=\"column\" data-e-type=\"column\">\n\t\t\t<div class=\"elementor-widget-wrap elementor-element-populated\">\n\t\t\t\t\t\t<div class=\"elementor-element elementor-element-31fa2191 elementor-widget elementor-widget-heading\" data-id=\"31fa2191\" data-element_type=\"widget\" data-e-type=\"widget\" data-widget_type=\"heading.default\">\n\t\t\t\t<div class=\"elementor-widget-container\">\n\t\t\t\t\t<h2 class=\"elementor-heading-title elementor-size-default\">Garantie de qualit\u00e9 du bois avec certificat<\/h2>\t\t\t\t<\/div>\n\t\t\t\t<\/div>\n\t\t\t\t\t<\/div>\n\t\t<\/div>\n\t\t\t\t<div class=\"elementor-column elementor-col-50 elementor-top-column elementor-element elementor-element-65688dc1\" data-id=\"65688dc1\" data-element_type=\"column\" data-e-type=\"column\">\n\t\t\t<div class=\"elementor-widget-wrap\">\n\t\t\t\t\t\t\t<\/div>\n\t\t<\/div>\n\t\t\t\t\t<\/div>\n\t\t<\/section>\n\t\t\t\t<section class=\"elementor-section elementor-top-section elementor-element elementor-element-16b765e1 elementor-section-content-middle elementor-section-boxed elementor-section-height-default elementor-section-height-default\" data-id=\"16b765e1\" data-element_type=\"section\" data-e-type=\"section\">\n\t\t\t\t\t\t<div class=\"elementor-container elementor-column-gap-no\">\n\t\t\t\t\t<div class=\"elementor-column elementor-col-50 elementor-top-column elementor-element elementor-element-727be2c elementor-invisible\" data-id=\"727be2c\" data-element_type=\"column\" data-e-type=\"column\" data-settings=\"{&quot;animation&quot;:&quot;fadeIn&quot;,&quot;animation_delay&quot;:100}\">\n\t\t\t<div class=\"elementor-widget-wrap elementor-element-populated\">\n\t\t\t\t\t\t<div class=\"elementor-element elementor-element-a2eb0c2 elementor-widget elementor-widget-text-editor\" data-id=\"a2eb0c2\" data-element_type=\"widget\" data-e-type=\"widget\" data-widget_type=\"text-editor.default\">\n\t\t\t\t<div class=\"elementor-widget-container\">\n\t\t\t\t\t\t\t\t\t<p class=\"p1\"><span class=\"s1\">Tous les bois utilis\u00e9s pour nos abris de jardin ou pour nos garages proviennent des pays scandinaves. Ce bois, d&#8217;une classe de qualit\u00e9 (classe<span class=\"Apple-converted-space\">\u00a0 <\/span>4), nous permet d\u2019offrir une garantie dans la dur\u00e9e, hors risque inh\u00e9rent aux mouvements du bois ou du sol.<\/span><\/p>\n\t\t\t\t\t\t\t\t<\/div>\n\t\t\t\t<\/div>\n\t\t\t\t<div class=\"elementor-element elementor-element-39c217c elementor-widget elementor-widget-text-editor\" data-id=\"39c217c\" data-element_type=\"widget\" data-e-type=\"widget\" data-widget_type=\"text-editor.default\">\n\t\t\t\t<div class=\"elementor-widget-container\">\n\t\t\t\t\t\t\t\t\t<p><span class=\"s1\">Nous voulons \u00e9galement attirer votre attention sur le fait que le bois est un produit naturel, avec ses avantages, mais aussi ses imperfections. Le bois, en tant que produit naturel massif, peut se contracter et se dilater sous l&#8217;effet des conditions m\u00e9t\u00e9orologiques. Il peut \u00e9galement pr\u00e9senter des fissures et\/ou des courbures.<\/span><\/p>\n\t\t\t\t\t\t\t\t<\/div>\n\t\t\t\t<\/div>\n\t\t\t\t\t<\/div>\n\t\t<\/div>\n\t\t\t\t<div class=\"elementor-column elementor-col-50 elementor-top-column elementor-element elementor-element-7d04e93a\" data-id=\"7d04e93a\" data-element_type=\"column\" data-e-type=\"column\">\n\t\t\t<div class=\"elementor-widget-wrap elementor-element-populated\">\n\t\t\t\t\t\t<div class=\"elementor-element elementor-element-4bdae6bd elementor-widget elementor-widget-image\" data-id=\"4bdae6bd\" data-element_type=\"widget\" data-e-type=\"widget\" data-widget_type=\"image.default\">\n\t\t\t\t<div class=\"elementor-widget-container\">\n\t\t\t\t\t\t\t\t\t\t\t\t\t\t\t\t<a href=\"https:\/\/www.domi.be\/wp-content\/uploads\/2020\/02\/Lodge-T-stratifie\u0301-brun-2-scaled.jpg\" data-elementor-open-lightbox=\"yes\" data-elementor-lightbox-title=\"Lodge T stratifie\u0301 brun (2)\" data-e-action-hash=\"#elementor-action%3Aaction%3Dlightbox%26settings%3DeyJpZCI6MjYwNiwidXJsIjoiaHR0cHM6XC9cL3d3dy5kb21pLmJlXC93cC1jb250ZW50XC91cGxvYWRzXC8yMDIwXC8wMlwvTG9kZ2UtVC1zdHJhdGlmaWVcdTAzMDEtYnJ1bi0yLXNjYWxlZC5qcGcifQ%3D%3D\">\n\t\t\t\t\t\t\t<img decoding=\"async\" width=\"1024\" height=\"768\" src=\"https:\/\/www.domi.be\/wp-content\/uploads\/2020\/02\/Lodge-T-stratifie\u0301-brun-2-1024x768.jpg\" class=\"attachment-large size-large wp-image-2606\" alt=\"\" srcset=\"https:\/\/www.domi.be\/wp-content\/uploads\/2020\/02\/Lodge-T-stratifie\u0301-brun-2-1024x768.jpg 1024w, https:\/\/www.domi.be\/wp-content\/uploads\/2020\/02\/Lodge-T-stratifie\u0301-brun-2-300x225.jpg 300w, https:\/\/www.domi.be\/wp-content\/uploads\/2020\/02\/Lodge-T-stratifie\u0301-brun-2-768x576.jpg 768w, https:\/\/www.domi.be\/wp-content\/uploads\/2020\/02\/Lodge-T-stratifie\u0301-brun-2-1536x1152.jpg 1536w, https:\/\/www.domi.be\/wp-content\/uploads\/2020\/02\/Lodge-T-stratifie\u0301-brun-2-2048x1536.jpg 2048w\" sizes=\"(max-width: 1024px) 100vw, 1024px\" \/>\t\t\t\t\t\t\t\t<\/a>\n\t\t\t\t\t\t\t\t\t\t\t\t\t\t\t<\/div>\n\t\t\t\t<\/div>\n\t\t\t\t\t<\/div>\n\t\t<\/div>\n\t\t\t\t\t<\/div>\n\t\t<\/section>\n\t\t\t\t<section class=\"elementor-section elementor-top-section elementor-element elementor-element-2de6663a elementor-section-stretched elementor-section-full_width elementor-section-height-default elementor-section-height-default\" data-id=\"2de6663a\" data-element_type=\"section\" data-e-type=\"section\" data-settings=\"{&quot;stretch_section&quot;:&quot;section-stretched&quot;,&quot;background_background&quot;:&quot;classic&quot;}\">\n\t\t\t\t\t\t<div class=\"elementor-container elementor-column-gap-default\">\n\t\t\t\t\t<div class=\"elementor-column elementor-col-100 elementor-top-column elementor-element elementor-element-399cb44b elementor-invisible\" data-id=\"399cb44b\" data-element_type=\"column\" data-e-type=\"column\" data-settings=\"{&quot;animation&quot;:&quot;fadeIn&quot;,&quot;animation_delay&quot;:100}\">\n\t\t\t<div class=\"elementor-widget-wrap elementor-element-populated\">\n\t\t\t\t\t\t<div class=\"elementor-element elementor-element-933a588 elementor-widget elementor-widget-heading\" data-id=\"933a588\" data-element_type=\"widget\" data-e-type=\"widget\" data-widget_type=\"heading.default\">\n\t\t\t\t<div class=\"elementor-widget-container\">\n\t\t\t\t\t<h2 class=\"elementor-heading-title elementor-size-default\">Contactez-nous<\/h2>\t\t\t\t<\/div>\n\t\t\t\t<\/div>\n\t\t\t\t<div class=\"elementor-element elementor-element-2eaaab2b elementor-widget elementor-widget-text-editor\" data-id=\"2eaaab2b\" data-element_type=\"widget\" data-e-type=\"widget\" data-widget_type=\"text-editor.default\">\n\t\t\t\t<div class=\"elementor-widget-container\">\n\t\t\t\t\t\t\t\t\t<p class=\"p1\"><span class=\"s1\">Pour plus d&#8217;information ou id\u00e9e de prix vous pouvez consulter\u00a0notre catalogue en ligne ici. Vous souhaitez recevoir un exemplaire imprim\u00e9\u00a0? Demandez notre brochure sur <a href=\"mailto:info@domi.be\"><span class=\"s2\">info@domi.be<\/span><\/a>\u00a0et nous vous enverrons un exemplaire le plus rapidement possible.<\/span><\/p>\n\t\t\t\t\t\t\t\t<\/div>\n\t\t\t\t<\/div>\n\t\t\t\t<div class=\"elementor-element elementor-element-5d8b8a7a elementor-align-center elementor-widget elementor-widget-button\" data-id=\"5d8b8a7a\" data-element_type=\"widget\" data-e-type=\"widget\" data-widget_type=\"button.default\">\n\t\t\t\t<div class=\"elementor-widget-container\">\n\t\t\t\t\t\t\t\t\t<div class=\"elementor-button-wrapper\">\n\t\t\t\t\t<a class=\"elementor-button elementor-button-link elementor-size-sm\" href=\"https:\/\/www.domi.be\/nl\/contact\/\">\n\t\t\t\t\t\t<span class=\"elementor-button-content-wrapper\">\n\t\t\t\t\t\t\t\t\t<span class=\"elementor-button-text\">Contactez-nous<\/span>\n\t\t\t\t\t<\/span>\n\t\t\t\t\t<\/a>\n\t\t\t\t<\/div>\n\t\t\t\t\t\t\t\t<\/div>\n\t\t\t\t<\/div>\n\t\t\t\t\t<\/div>\n\t\t<\/div>\n\t\t\t\t\t<\/div>\n\t\t<\/section>\n\t\t\t\t<\/div>\n\t\t","protected":false},"excerpt":{"rendered":"<p>Depuis plus de 40 ans d\u00e9j\u00e0, Domi est le sp\u00e9cialiste des abris de jardin. Au cours de cette p\u00e9riode, Domi est v\u00e9ritablement devenu la r\u00e9f\u00e9rence en Belgique en mati\u00e8re de constructions en bois pour le jardin. Afin de pouvoir se diff\u00e9rencier clairement de la concurrence et des circuits de grande distribution, Domi\u00a0assortit tous ses produits &#8230; <a title=\"Kwaliteit en authenticiteit\" class=\"read-more\" href=\"https:\/\/www.domi.be\/nl\/over\/kwaliteit-en-authenticiteit\/\" aria-label=\"Read more about Kwaliteit en authenticiteit\">Read more<\/a><\/p>\n","protected":false},"author":4,"featured_media":2182,"parent":2824,"menu_order":1,"comment_status":"closed","ping_status":"closed","template":"","meta":{"footnotes":""},"class_list":["post-2832","page","type-page","status-publish","has-post-thumbnail"],"yoast_head":"<!-- This site is optimized with the Yoast SEO plugin v27.4 - https:\/\/yoast.com\/product\/yoast-seo-wordpress\/ -->\n<title>Kwaliteit en authenticiteit<\/title>\n<meta name=\"robots\" content=\"index, follow, max-snippet:-1, max-image-preview:large, max-video-preview:-1\" \/>\n<link rel=\"canonical\" href=\"https:\/\/www.domi.be\/nl\/over\/kwaliteit-en-authenticiteit\/\" \/>\n<meta property=\"og:locale\" content=\"nl_NL\" \/>\n<meta property=\"og:type\" content=\"article\" \/>\n<meta property=\"og:title\" content=\"Kwaliteit en authenticiteit\" \/>\n<meta property=\"og:description\" content=\"Depuis plus de 40 ans d\u00e9j\u00e0, Domi est le sp\u00e9cialiste des abris de jardin. Au cours de cette p\u00e9riode, Domi est v\u00e9ritablement devenu la r\u00e9f\u00e9rence en Belgique en mati\u00e8re de constructions en bois pour le jardin. Afin de pouvoir se diff\u00e9rencier clairement de la concurrence et des circuits de grande distribution, Domi\u00a0assortit tous ses produits ... Read more\" \/>\n<meta property=\"og:url\" content=\"https:\/\/www.domi.be\/nl\/over\/kwaliteit-en-authenticiteit\/\" \/>\n<meta property=\"og:site_name\" content=\"Domi\" \/>\n<meta property=\"article:publisher\" content=\"https:\/\/www.facebook.com\/Domi-106398430727178\/\" \/>\n<meta property=\"article:modified_time\" content=\"2026-03-30T09:33:59+00:00\" \/>\n<meta property=\"og:image\" content=\"https:\/\/www.domi.be\/wp-content\/uploads\/2020\/01\/Lodge-VT-stratifie\u0301-gris-6-scaled.jpg\" \/>\n\t<meta property=\"og:image:width\" content=\"2560\" \/>\n\t<meta property=\"og:image:height\" content=\"1920\" \/>\n\t<meta property=\"og:image:type\" content=\"image\/jpeg\" \/>\n<meta name=\"twitter:card\" content=\"summary_large_image\" \/>\n<meta name=\"twitter:label1\" content=\"Est. reading time\" \/>\n\t<meta name=\"twitter:data1\" content=\"2 minutes\" \/>\n<script type=\"application\/ld+json\" class=\"yoast-schema-graph\">{\"@context\":\"https:\\\/\\\/schema.org\",\"@graph\":[{\"@type\":\"WebPage\",\"@id\":\"https:\\\/\\\/www.domi.be\\\/nl\\\/over\\\/kwaliteit-en-authenticiteit\\\/\",\"url\":\"https:\\\/\\\/www.domi.be\\\/nl\\\/over\\\/kwaliteit-en-authenticiteit\\\/\",\"name\":\"Kwaliteit en authenticiteit\",\"isPartOf\":{\"@id\":\"https:\\\/\\\/www.domi.be\\\/#website\"},\"primaryImageOfPage\":{\"@id\":\"https:\\\/\\\/www.domi.be\\\/nl\\\/over\\\/kwaliteit-en-authenticiteit\\\/#primaryimage\"},\"image\":{\"@id\":\"https:\\\/\\\/www.domi.be\\\/nl\\\/over\\\/kwaliteit-en-authenticiteit\\\/#primaryimage\"},\"thumbnailUrl\":\"https:\\\/\\\/www.domi.be\\\/wp-content\\\/uploads\\\/2020\\\/01\\\/Lodge-VT-stratifie\u0301-gris-6-scaled.jpg\",\"datePublished\":\"2020-01-27T09:44:43+00:00\",\"dateModified\":\"2026-03-30T09:33:59+00:00\",\"breadcrumb\":{\"@id\":\"https:\\\/\\\/www.domi.be\\\/nl\\\/over\\\/kwaliteit-en-authenticiteit\\\/#breadcrumb\"},\"inLanguage\":\"nl-NL\",\"potentialAction\":[{\"@type\":\"ReadAction\",\"target\":[\"https:\\\/\\\/www.domi.be\\\/nl\\\/over\\\/kwaliteit-en-authenticiteit\\\/\"]}]},{\"@type\":\"ImageObject\",\"inLanguage\":\"nl-NL\",\"@id\":\"https:\\\/\\\/www.domi.be\\\/nl\\\/over\\\/kwaliteit-en-authenticiteit\\\/#primaryimage\",\"url\":\"https:\\\/\\\/www.domi.be\\\/wp-content\\\/uploads\\\/2020\\\/01\\\/Lodge-VT-stratifie\u0301-gris-6-scaled.jpg\",\"contentUrl\":\"https:\\\/\\\/www.domi.be\\\/wp-content\\\/uploads\\\/2020\\\/01\\\/Lodge-VT-stratifie\u0301-gris-6-scaled.jpg\",\"width\":2560,\"height\":1920},{\"@type\":\"BreadcrumbList\",\"@id\":\"https:\\\/\\\/www.domi.be\\\/nl\\\/over\\\/kwaliteit-en-authenticiteit\\\/#breadcrumb\",\"itemListElement\":[{\"@type\":\"ListItem\",\"position\":1,\"name\":\"Accueil\",\"item\":\"https:\\\/\\\/www.domi.be\\\/nl\\\/\"},{\"@type\":\"ListItem\",\"position\":2,\"name\":\"Over\",\"item\":\"https:\\\/\\\/www.domi.be\\\/nl\\\/over\\\/\"},{\"@type\":\"ListItem\",\"position\":3,\"name\":\"Kwaliteit en authenticiteit\"}]},{\"@type\":\"WebSite\",\"@id\":\"https:\\\/\\\/www.domi.be\\\/#website\",\"url\":\"https:\\\/\\\/www.domi.be\\\/\",\"name\":\"Domi\",\"description\":\"Articles en bois pour le jardin\",\"publisher\":{\"@id\":\"https:\\\/\\\/www.domi.be\\\/#organization\"},\"potentialAction\":[{\"@type\":\"SearchAction\",\"target\":{\"@type\":\"EntryPoint\",\"urlTemplate\":\"https:\\\/\\\/www.domi.be\\\/?s={search_term_string}\"},\"query-input\":{\"@type\":\"PropertyValueSpecification\",\"valueRequired\":true,\"valueName\":\"search_term_string\"}}],\"inLanguage\":\"nl-NL\"},{\"@type\":\"Organization\",\"@id\":\"https:\\\/\\\/www.domi.be\\\/#organization\",\"name\":\"Domi\",\"url\":\"https:\\\/\\\/www.domi.be\\\/\",\"logo\":{\"@type\":\"ImageObject\",\"inLanguage\":\"nl-NL\",\"@id\":\"https:\\\/\\\/www.domi.be\\\/#\\\/schema\\\/logo\\\/image\\\/\",\"url\":\"https:\\\/\\\/www.domi.be\\\/wp-content\\\/uploads\\\/2020\\\/01\\\/logo.svg\",\"contentUrl\":\"https:\\\/\\\/www.domi.be\\\/wp-content\\\/uploads\\\/2020\\\/01\\\/logo.svg\",\"width\":1,\"height\":1,\"caption\":\"Domi\"},\"image\":{\"@id\":\"https:\\\/\\\/www.domi.be\\\/#\\\/schema\\\/logo\\\/image\\\/\"},\"sameAs\":[\"https:\\\/\\\/www.facebook.com\\\/Domi-106398430727178\\\/\"]}]}<\/script>\n<!-- \/ Yoast SEO plugin. -->","yoast_head_json":{"title":"Kwaliteit en authenticiteit","robots":{"index":"index","follow":"follow","max-snippet":"max-snippet:-1","max-image-preview":"max-image-preview:large","max-video-preview":"max-video-preview:-1"},"canonical":"https:\/\/www.domi.be\/nl\/over\/kwaliteit-en-authenticiteit\/","og_locale":"nl_NL","og_type":"article","og_title":"Kwaliteit en authenticiteit","og_description":"Depuis plus de 40 ans d\u00e9j\u00e0, Domi est le sp\u00e9cialiste des abris de jardin. Au cours de cette p\u00e9riode, Domi est v\u00e9ritablement devenu la r\u00e9f\u00e9rence en Belgique en mati\u00e8re de constructions en bois pour le jardin. Afin de pouvoir se diff\u00e9rencier clairement de la concurrence et des circuits de grande distribution, Domi\u00a0assortit tous ses produits ... Read more","og_url":"https:\/\/www.domi.be\/nl\/over\/kwaliteit-en-authenticiteit\/","og_site_name":"Domi","article_publisher":"https:\/\/www.facebook.com\/Domi-106398430727178\/","article_modified_time":"2026-03-30T09:33:59+00:00","og_image":[{"width":2560,"height":1920,"url":"https:\/\/www.domi.be\/wp-content\/uploads\/2020\/01\/Lodge-VT-stratifie\u0301-gris-6-scaled.jpg","type":"image\/jpeg"}],"twitter_card":"summary_large_image","twitter_misc":{"Est. reading time":"2 minutes"},"schema":{"@context":"https:\/\/schema.org","@graph":[{"@type":"WebPage","@id":"https:\/\/www.domi.be\/nl\/over\/kwaliteit-en-authenticiteit\/","url":"https:\/\/www.domi.be\/nl\/over\/kwaliteit-en-authenticiteit\/","name":"Kwaliteit en authenticiteit","isPartOf":{"@id":"https:\/\/www.domi.be\/#website"},"primaryImageOfPage":{"@id":"https:\/\/www.domi.be\/nl\/over\/kwaliteit-en-authenticiteit\/#primaryimage"},"image":{"@id":"https:\/\/www.domi.be\/nl\/over\/kwaliteit-en-authenticiteit\/#primaryimage"},"thumbnailUrl":"https:\/\/www.domi.be\/wp-content\/uploads\/2020\/01\/Lodge-VT-stratifie\u0301-gris-6-scaled.jpg","datePublished":"2020-01-27T09:44:43+00:00","dateModified":"2026-03-30T09:33:59+00:00","breadcrumb":{"@id":"https:\/\/www.domi.be\/nl\/over\/kwaliteit-en-authenticiteit\/#breadcrumb"},"inLanguage":"nl-NL","potentialAction":[{"@type":"ReadAction","target":["https:\/\/www.domi.be\/nl\/over\/kwaliteit-en-authenticiteit\/"]}]},{"@type":"ImageObject","inLanguage":"nl-NL","@id":"https:\/\/www.domi.be\/nl\/over\/kwaliteit-en-authenticiteit\/#primaryimage","url":"https:\/\/www.domi.be\/wp-content\/uploads\/2020\/01\/Lodge-VT-stratifie\u0301-gris-6-scaled.jpg","contentUrl":"https:\/\/www.domi.be\/wp-content\/uploads\/2020\/01\/Lodge-VT-stratifie\u0301-gris-6-scaled.jpg","width":2560,"height":1920},{"@type":"BreadcrumbList","@id":"https:\/\/www.domi.be\/nl\/over\/kwaliteit-en-authenticiteit\/#breadcrumb","itemListElement":[{"@type":"ListItem","position":1,"name":"Accueil","item":"https:\/\/www.domi.be\/nl\/"},{"@type":"ListItem","position":2,"name":"Over","item":"https:\/\/www.domi.be\/nl\/over\/"},{"@type":"ListItem","position":3,"name":"Kwaliteit en authenticiteit"}]},{"@type":"WebSite","@id":"https:\/\/www.domi.be\/#website","url":"https:\/\/www.domi.be\/","name":"Domi","description":"Articles en bois pour le jardin","publisher":{"@id":"https:\/\/www.domi.be\/#organization"},"potentialAction":[{"@type":"SearchAction","target":{"@type":"EntryPoint","urlTemplate":"https:\/\/www.domi.be\/?s={search_term_string}"},"query-input":{"@type":"PropertyValueSpecification","valueRequired":true,"valueName":"search_term_string"}}],"inLanguage":"nl-NL"},{"@type":"Organization","@id":"https:\/\/www.domi.be\/#organization","name":"Domi","url":"https:\/\/www.domi.be\/","logo":{"@type":"ImageObject","inLanguage":"nl-NL","@id":"https:\/\/www.domi.be\/#\/schema\/logo\/image\/","url":"https:\/\/www.domi.be\/wp-content\/uploads\/2020\/01\/logo.svg","contentUrl":"https:\/\/www.domi.be\/wp-content\/uploads\/2020\/01\/logo.svg","width":1,"height":1,"caption":"Domi"},"image":{"@id":"https:\/\/www.domi.be\/#\/schema\/logo\/image\/"},"sameAs":["https:\/\/www.facebook.com\/Domi-106398430727178\/"]}]}},"_links":{"self":[{"href":"https:\/\/www.domi.be\/nl\/wp-json\/wp\/v2\/pages\/2832","targetHints":{"allow":["GET"]}}],"collection":[{"href":"https:\/\/www.domi.be\/nl\/wp-json\/wp\/v2\/pages"}],"about":[{"href":"https:\/\/www.domi.be\/nl\/wp-json\/wp\/v2\/types\/page"}],"author":[{"embeddable":true,"href":"https:\/\/www.domi.be\/nl\/wp-json\/wp\/v2\/users\/4"}],"replies":[{"embeddable":true,"href":"https:\/\/www.domi.be\/nl\/wp-json\/wp\/v2\/comments?post=2832"}],"version-history":[{"count":2,"href":"https:\/\/www.domi.be\/nl\/wp-json\/wp\/v2\/pages\/2832\/revisions"}],"predecessor-version":[{"id":3955,"href":"https:\/\/www.domi.be\/nl\/wp-json\/wp\/v2\/pages\/2832\/revisions\/3955"}],"up":[{"embeddable":true,"href":"https:\/\/www.domi.be\/nl\/wp-json\/wp\/v2\/pages\/2824"}],"wp:featuredmedia":[{"embeddable":true,"href":"https:\/\/www.domi.be\/nl\/wp-json\/wp\/v2\/media\/2182"}],"wp:attachment":[{"href":"https:\/\/www.domi.be\/nl\/wp-json\/wp\/v2\/media?parent=2832"}],"curies":[{"name":"wp","href":"https:\/\/api.w.org\/{rel}","templated":true}]}}